{"id":5852,"date":"2026-02-24T14:20:56","date_gmt":"2026-02-24T13:20:56","guid":{"rendered":"https:\/\/streamyme.com\/?page_id=5852"},"modified":"2026-04-03T13:42:58","modified_gmt":"2026-04-03T11:42:58","slug":"renewal","status":"publish","type":"page","link":"https:\/\/streamyme.com\/da\/renewal\/","title":{"rendered":"Fornyelse af abonnement"},"content":{"rendered":"<div data-elementor-type=\"wp-page\" data-elementor-id=\"5852\" class=\"elementor elementor-5852\">\n\t\t\t\t\t\t<section class=\"elementor-section elementor-top-section elementor-element elementor-element-62a1778 elementor-section-boxed elementor-section-height-default elementor-section-height-default\" data-id=\"62a1778\" data-element_type=\"section\" data-e-type=\"section\">\n\t\t\t\t\t\t<div class=\"elementor-container elementor-column-gap-default\">\n\t\t\t\t\t<div class=\"elementor-column elementor-col-100 elementor-top-column elementor-element elementor-element-b9952d7\" data-id=\"b9952d7\" data-element_type=\"column\" data-e-type=\"column\">\n\t\t\t<div class=\"elementor-widget-wrap elementor-element-populated\">\n\t\t\t\t\t\t<div class=\"elementor-element elementor-element-0f31a77 elementor-widget elementor-widget-heading\" data-id=\"0f31a77\" data-element_type=\"widget\" data-e-type=\"widget\" data-widget_type=\"heading.default\">\n\t\t\t\t<div class=\"elementor-widget-container\">\n\t\t\t\t\t<h3 class=\"elementor-heading-title elementor-size-default\">Vil du forny dit abonnement? \n<\/h3>\t\t\t\t<\/div>\n\t\t\t\t<\/div>\n\t\t\t\t<div class=\"elementor-element elementor-element-09e7e39 elementor-widget elementor-widget-heading\" data-id=\"09e7e39\" data-element_type=\"widget\" data-e-type=\"widget\" data-widget_type=\"heading.default\">\n\t\t\t\t<div class=\"elementor-widget-container\">\n\t\t\t\t\t<h6 class=\"elementor-heading-title elementor-size-default\">Find den \u00f8nskede mulighed, og forts\u00e6t med at sikre dit k\u00f8b ved at v\u00e6lge 'K\u00f8b nu'.<\/h6>\t\t\t\t<\/div>\n\t\t\t\t<\/div>\n\t\t\t\t<section class=\"elementor-section elementor-inner-section elementor-element elementor-element-c728382 elementor-section-boxed elementor-section-height-default elementor-section-height-default\" data-id=\"c728382\" data-element_type=\"section\" data-e-type=\"section\">\n\t\t\t\t\t\t<div class=\"elementor-container elementor-column-gap-default\">\n\t\t\t\t\t<div class=\"elementor-column elementor-col-25 elementor-inner-column elementor-element elementor-element-ddb7a44\" data-id=\"ddb7a44\" data-element_type=\"column\" data-e-type=\"column\">\n\t\t\t<div class=\"elementor-widget-wrap elementor-element-populated\">\n\t\t\t\t\t\t<div class=\"elementor-element elementor-element-14265e0 acenter elementor-widget-icon-box wgl-icon-box elementor-widget elementor-widget-wgl-pricing-table\" data-id=\"14265e0\" data-element_type=\"widget\" data-e-type=\"widget\" data-widget_type=\"wgl-pricing-table.default\">\n\t\t\t\t<div class=\"elementor-widget-container\">\n\t\t\t\t\t        <div class=\"wgl-pricing_plan hover-animation\">\n            <div class=\"pricing_plan_wrap\">\n                                <div class=\"pricing_header\">\n                    <div class=\"pricing_title_wrapper\"><h4 class=\"pricing_title\">1 M\u00c5NED<\/h4><\/div>                    <div class=\"pricing_price_wrap\">\n\t                    <div class=\"pricing_price\"><span class=\"pricing_currency\">\u20ac<\/span>30<span class=\"pricing_period\">\/mo<\/span><\/div>                    <\/div>\n                                    <\/div>\n                <div class=\"pricing_content\">\n                                    <\/div>\n                <div class=\"pricing_footer\">\n\t                <div class=\"button-wrapper\"><a  class=\"wgl-button btn-size-xl\" role=\"button\" href=\"https:\/\/mystreamy.me\/renew-13-1-month\"><div class=\"button-content-wrapper align-icon-right\"><div class=\"media-wrapper icon-wrapper\"><span class=\"wgl-icon\" ><i class=\"icon elementor-icon fas fa-plus\" aria-hidden=\"true\"><\/i><\/span><\/div><span class=\"wgl-button-text\">Forny planen<\/span><\/div><\/a><\/div>                <\/div>\n            <\/div>\n        <\/div>\t\t\t\t<\/div>\n\t\t\t\t<\/div>\n\t\t\t\t\t<\/div>\n\t\t<\/div>\n\t\t\t\t<div class=\"elementor-column elementor-col-25 elementor-inner-column elementor-element elementor-element-e5c8555\" data-id=\"e5c8555\" data-element_type=\"column\" data-e-type=\"column\">\n\t\t\t<div class=\"elementor-widget-wrap elementor-element-populated\">\n\t\t\t\t\t\t<div class=\"elementor-element elementor-element-8fa5a77 acenter elementor-widget-icon-box wgl-icon-box elementor-widget elementor-widget-wgl-pricing-table\" data-id=\"8fa5a77\" data-element_type=\"widget\" data-e-type=\"widget\" data-widget_type=\"wgl-pricing-table.default\">\n\t\t\t\t<div class=\"elementor-widget-container\">\n\t\t\t\t\t        <div class=\"wgl-pricing_plan hover-animation\">\n            <div class=\"pricing_plan_wrap\">\n                                <div class=\"pricing_header\">\n                    <div class=\"pricing_title_wrapper\"><h4 class=\"pricing_title\">3 M\u00c5NEDER<\/h4><\/div>                    <div class=\"pricing_price_wrap\">\n\t                    <div class=\"pricing_price\"><span class=\"pricing_currency\">\u20ac<\/span>50<span class=\"pricing_period\">\/3 mo<\/span><\/div>                    <\/div>\n                                    <\/div>\n                <div class=\"pricing_content\">\n                                    <\/div>\n                <div class=\"pricing_footer\">\n\t                <div class=\"button-wrapper\"><a  class=\"wgl-button btn-size-xl\" role=\"button\" href=\"https:\/\/mystreamy.me\/renew-13-3-month\"><div class=\"button-content-wrapper align-icon-right\"><div class=\"media-wrapper icon-wrapper\"><span class=\"wgl-icon\" ><i class=\"icon elementor-icon fas fa-plus\" aria-hidden=\"true\"><\/i><\/span><\/div><span class=\"wgl-button-text\">Forny planen<\/span><\/div><\/a><\/div>                <\/div>\n            <\/div>\n        <\/div>\t\t\t\t<\/div>\n\t\t\t\t<\/div>\n\t\t\t\t\t<\/div>\n\t\t<\/div>\n\t\t\t\t<div class=\"elementor-column elementor-col-25 elementor-inner-column elementor-element elementor-element-85924c4\" data-id=\"85924c4\" data-element_type=\"column\" data-e-type=\"column\">\n\t\t\t<div class=\"elementor-widget-wrap elementor-element-populated\">\n\t\t\t\t\t\t<div class=\"elementor-element elementor-element-b9d2ac7 acenter elementor-widget-icon-box wgl-icon-box elementor-widget elementor-widget-wgl-pricing-table\" data-id=\"b9d2ac7\" data-element_type=\"widget\" data-e-type=\"widget\" data-widget_type=\"wgl-pricing-table.default\">\n\t\t\t\t<div class=\"elementor-widget-container\">\n\t\t\t\t\t        <div class=\"wgl-pricing_plan hover-animation\">\n            <div class=\"pricing_plan_wrap\">\n                                <div class=\"pricing_header\">\n                    <div class=\"pricing_title_wrapper\"><h4 class=\"pricing_title\">6 M\u00c5NEDER<\/h4><\/div>                    <div class=\"pricing_price_wrap\">\n\t                    <div class=\"pricing_price\"><span class=\"pricing_currency\">\u20ac<\/span>80<span class=\"pricing_period\">\/6 mo<\/span><\/div>                    <\/div>\n                                    <\/div>\n                <div class=\"pricing_content\">\n                                    <\/div>\n                <div class=\"pricing_footer\">\n\t                <div class=\"button-wrapper\"><a  class=\"wgl-button btn-size-xl\" role=\"button\" href=\"https:\/\/mystreamy.me\/renew-13-6-month\"><div class=\"button-content-wrapper align-icon-right\"><div class=\"media-wrapper icon-wrapper\"><span class=\"wgl-icon\" ><i class=\"icon elementor-icon fas fa-plus\" aria-hidden=\"true\"><\/i><\/span><\/div><span class=\"wgl-button-text\">Forny planen<\/span><\/div><\/a><\/div>                <\/div>\n            <\/div>\n        <\/div>\t\t\t\t<\/div>\n\t\t\t\t<\/div>\n\t\t\t\t\t<\/div>\n\t\t<\/div>\n\t\t\t\t<div class=\"elementor-column elementor-col-25 elementor-inner-column elementor-element elementor-element-056937c\" data-id=\"056937c\" data-element_type=\"column\" data-e-type=\"column\">\n\t\t\t<div class=\"elementor-widget-wrap elementor-element-populated\">\n\t\t\t\t\t\t<div class=\"elementor-element elementor-element-e7b8a01 acenter elementor-widget-icon-box wgl-icon-box elementor-widget elementor-widget-wgl-pricing-table\" data-id=\"e7b8a01\" data-element_type=\"widget\" data-e-type=\"widget\" data-widget_type=\"wgl-pricing-table.default\">\n\t\t\t\t<div class=\"elementor-widget-container\">\n\t\t\t\t\t        <div class=\"wgl-pricing_plan hover-animation\">\n            <div class=\"pricing_plan_wrap\">\n                                <div class=\"pricing_header\">\n                    <div class=\"pricing_title_wrapper\"><h4 class=\"pricing_title\">12 M\u00c5NEDER<\/h4><\/div>                    <div class=\"pricing_price_wrap\">\n\t                    <div class=\"pricing_price\"><span class=\"pricing_currency\">\u20ac<\/span>130<span class=\"pricing_period\">\/12 m\u00e5neder<\/span><\/div>                    <\/div>\n                                    <\/div>\n                <div class=\"pricing_content\">\n                                    <\/div>\n                <div class=\"pricing_footer\">\n\t                <div class=\"button-wrapper\"><a  class=\"wgl-button btn-size-xl\" role=\"button\" href=\"https:\/\/mystreamy.me\/renew-13-12-month\"><div class=\"button-content-wrapper align-icon-right\"><div class=\"media-wrapper icon-wrapper\"><span class=\"wgl-icon\" ><i class=\"icon elementor-icon fas fa-plus\" aria-hidden=\"true\"><\/i><\/span><\/div><span class=\"wgl-button-text\">Forny planen<\/span><\/div><\/a><\/div>                <\/div>\n            <\/div>\n        <\/div>\t\t\t\t<\/div>\n\t\t\t\t<\/div>\n\t\t\t\t\t<\/div>\n\t\t<\/div>\n\t\t\t\t\t<\/div>\n\t\t<\/section>\n\t\t\t\t<div class=\"elementor-element elementor-element-210553a elementor-widget elementor-widget-text-editor\" data-id=\"210553a\" data-element_type=\"widget\" data-e-type=\"widget\" data-widget_type=\"text-editor.default\">\n\t\t\t\t<div class=\"elementor-widget-container\">\n\t\t\t\t\t\t\t\t\t<p>Som tak for, at du er en loyal kunde, vil vi gerne give dig en <strong>15% rabat<\/strong> n\u00e5r du fornyer dit abonnement. Denne rabat er <strong>kun<\/strong> gyldig, hvis du k\u00f8ber en ny<strong> 12 m\u00e5neders abonnement<\/strong>. Vil du gerne have dette tilbud? Husk at bruge rabatkoden <strong>STREAMYFAM1<\/strong> n\u00e5r du afgiver din bestilling.<\/p><p>Din<strong> Abonnement<\/strong> vil v\u00e6re <strong>udvidet<\/strong> s\u00e5 du kan blive ved med at bruge <strong>Samme login<\/strong>. Ingen \u00e6ndringer p\u00e5kr\u00e6vet.<br \/>Hvis du har sp\u00f8rgsm\u00e5l, er du velkommen til at kontakte os.<\/p>\t\t\t\t\t\t\t\t<\/div>\n\t\t\t\t<\/div>\n\t\t\t\t\t<\/div>\n\t\t<\/div>\n\t\t\t\t\t<\/div>\n\t\t<\/section>\n\t\t\t\t<\/div>","protected":false},"excerpt":{"rendered":"<p>Want to renew your subscription? Discover your desired option and proceed to secure your purchase by selecting &#8216;Buy Now&#8217;:\u200b 1 MONTH \u20ac30\/mo Renew Plan 3 MONTHS \u20ac50\/3 mo Renew Plan 6 MONTHS \u20ac80\/6 mo Renew Plan 12 MONTHS \u20ac130\/12 mo Renew Plan As a thank you for being a loyal customer, we want to give [&hellip;]<\/p>\n","protected":false},"author":1,"featured_media":0,"parent":0,"menu_order":0,"comment_status":"closed","ping_status":"closed","template":"","meta":{"footnotes":""},"class_list":["post-5852","page","type-page","status-publish","hentry"],"_links":{"self":[{"href":"https:\/\/streamyme.com\/da\/wp-json\/wp\/v2\/pages\/5852","targetHints":{"allow":["GET"]}}],"collection":[{"href":"https:\/\/streamyme.com\/da\/wp-json\/wp\/v2\/pages"}],"about":[{"href":"https:\/\/streamyme.com\/da\/wp-json\/wp\/v2\/types\/page"}],"author":[{"embeddable":true,"href":"https:\/\/streamyme.com\/da\/wp-json\/wp\/v2\/users\/1"}],"replies":[{"embeddable":true,"href":"https:\/\/streamyme.com\/da\/wp-json\/wp\/v2\/comments?post=5852"}],"version-history":[{"count":5,"href":"https:\/\/streamyme.com\/da\/wp-json\/wp\/v2\/pages\/5852\/revisions"}],"predecessor-version":[{"id":7790,"href":"https:\/\/streamyme.com\/da\/wp-json\/wp\/v2\/pages\/5852\/revisions\/7790"}],"wp:attachment":[{"href":"https:\/\/streamyme.com\/da\/wp-json\/wp\/v2\/media?parent=5852"}],"curies":[{"name":"wp","href":"https:\/\/api.w.org\/{rel}","templated":true}]}}