{"id":1069,"date":"2021-01-05T09:31:19","date_gmt":"2021-01-05T09:31:19","guid":{"rendered":"http:\/\/wgl-demo.net\/starlitte\/?page_id=1069"},"modified":"2024-11-10T17:14:16","modified_gmt":"2024-11-10T16:14:16","slug":"about","status":"publish","type":"page","link":"https:\/\/streamyme.com\/fi\/about\/","title":{"rendered":"Meist\u00e4"},"content":{"rendered":"<div data-elementor-type=\"wp-page\" data-elementor-id=\"1069\" class=\"elementor elementor-1069\">\n\t\t\t\t\t\t<section class=\"elementor-section elementor-top-section elementor-element elementor-element-5f62e5b elementor-section-boxed elementor-section-height-default elementor-section-height-default\" data-id=\"5f62e5b\" data-element_type=\"section\" data-e-type=\"section\">\n\t\t\t\t\t\t<div class=\"elementor-container elementor-column-gap-default\">\n\t\t\t\t\t<div class=\"elementor-column elementor-col-100 elementor-top-column elementor-element elementor-element-50f41c8\" data-id=\"50f41c8\" data-element_type=\"column\" data-e-type=\"column\">\n\t\t\t<div class=\"elementor-widget-wrap elementor-element-populated\">\n\t\t\t\t\t\t<div class=\"elementor-element elementor-element-bdcb656 elementor-widget elementor-widget-heading\" data-id=\"bdcb656\" data-element_type=\"widget\" data-e-type=\"widget\" data-widget_type=\"heading.default\">\n\t\t\t\t<div class=\"elementor-widget-container\">\n\t\t\t\t\t<h3 class=\"elementor-heading-title elementor-size-default\">Virtaava IPTV<\/h3>\t\t\t\t<\/div>\n\t\t\t\t<\/div>\n\t\t\t\t\t<\/div>\n\t\t<\/div>\n\t\t\t\t\t<\/div>\n\t\t<\/section>\n\t\t\t\t<section class=\"elementor-section elementor-top-section elementor-element elementor-element-a8c44a9 elementor-section-boxed elementor-section-height-default elementor-section-height-default\" data-id=\"a8c44a9\" data-element_type=\"section\" data-e-type=\"section\">\n\t\t\t\t\t\t<div class=\"elementor-container elementor-column-gap-default\">\n\t\t\t\t\t<div class=\"elementor-column elementor-col-100 elementor-top-column elementor-element elementor-element-8e8898a\" data-id=\"8e8898a\" data-element_type=\"column\" data-e-type=\"column\">\n\t\t\t<div class=\"elementor-widget-wrap elementor-element-populated\">\n\t\t\t\t\t\t<div class=\"elementor-element elementor-element-cbe4afd elementor-widget elementor-widget-spacer\" data-id=\"cbe4afd\" data-element_type=\"widget\" data-e-type=\"widget\" data-widget_type=\"spacer.default\">\n\t\t\t\t<div class=\"elementor-widget-container\">\n\t\t\t\t\t\t\t<div class=\"elementor-spacer\">\n\t\t\t<div class=\"elementor-spacer-inner\"><\/div>\n\t\t<\/div>\n\t\t\t\t\t\t<\/div>\n\t\t\t\t<\/div>\n\t\t\t\t\t<\/div>\n\t\t<\/div>\n\t\t\t\t\t<\/div>\n\t\t<\/section>\n\t\t\t\t<section class=\"elementor-section elementor-top-section elementor-element elementor-element-872ce4d elementor-section-boxed elementor-section-height-default elementor-section-height-default\" data-id=\"872ce4d\" data-element_type=\"section\" data-e-type=\"section\">\n\t\t\t\t\t\t<div class=\"elementor-container elementor-column-gap-default\">\n\t\t\t\t\t<div class=\"elementor-column elementor-col-100 elementor-top-column elementor-element elementor-element-9296754\" data-id=\"9296754\" data-element_type=\"column\" data-e-type=\"column\">\n\t\t\t<div class=\"elementor-widget-wrap\">\n\t\t\t\t\t\t\t<\/div>\n\t\t<\/div>\n\t\t\t\t\t<\/div>\n\t\t<\/section>\n\t\t\t\t<section class=\"elementor-section elementor-top-section elementor-element elementor-element-b005ade elementor-section-boxed elementor-section-height-default elementor-section-height-default\" data-id=\"b005ade\" data-element_type=\"section\" data-e-type=\"section\">\n\t\t\t\t\t\t<div class=\"elementor-container elementor-column-gap-default\">\n\t\t\t\t\t<div class=\"elementor-column elementor-col-100 elementor-top-column elementor-element elementor-element-ce91e44\" data-id=\"ce91e44\" data-element_type=\"column\" data-e-type=\"column\">\n\t\t\t<div class=\"elementor-widget-wrap\">\n\t\t\t\t\t\t\t<\/div>\n\t\t<\/div>\n\t\t\t\t\t<\/div>\n\t\t<\/section>\n\t\t\t\t<section class=\"elementor-section elementor-top-section elementor-element elementor-element-8ca30fe elementor-section-boxed elementor-section-height-default elementor-section-height-default\" data-id=\"8ca30fe\" data-element_type=\"section\" data-e-type=\"section\">\n\t\t\t\t\t\t<div class=\"elementor-container elementor-column-gap-default\">\n\t\t\t\t\t<div class=\"elementor-column elementor-col-100 elementor-top-column elementor-element elementor-element-c51fb77\" data-id=\"c51fb77\" data-element_type=\"column\" data-e-type=\"column\">\n\t\t\t<div class=\"elementor-widget-wrap elementor-element-populated\">\n\t\t\t\t\t\t<div class=\"elementor-element elementor-element-71f9d2f elementor-widget elementor-widget-heading\" data-id=\"71f9d2f\" data-element_type=\"widget\" data-e-type=\"widget\" data-widget_type=\"heading.default\">\n\t\t\t\t<div class=\"elementor-widget-container\">\n\t\t\t\t\t<h3 class=\"elementor-heading-title elementor-size-default\">Miksi valita meid\u00e4t?<\/h3>\t\t\t\t<\/div>\n\t\t\t\t<\/div>\n\t\t\t\t\t<\/div>\n\t\t<\/div>\n\t\t\t\t\t<\/div>\n\t\t<\/section>\n\t\t\t\t<section class=\"elementor-section elementor-top-section elementor-element elementor-element-89498ac elementor-section-boxed elementor-section-height-default elementor-section-height-default\" data-id=\"89498ac\" data-element_type=\"section\" data-e-type=\"section\">\n\t\t\t\t\t\t<div class=\"elementor-container elementor-column-gap-default\">\n\t\t\t\t\t<div class=\"elementor-column elementor-col-100 elementor-top-column elementor-element elementor-element-923b411\" data-id=\"923b411\" data-element_type=\"column\" data-e-type=\"column\">\n\t\t\t<div class=\"elementor-widget-wrap elementor-element-populated\">\n\t\t\t\t\t\t<div class=\"elementor-element elementor-element-3539645 elementor-widget elementor-widget-spacer\" data-id=\"3539645\" data-element_type=\"widget\" data-e-type=\"widget\" data-widget_type=\"spacer.default\">\n\t\t\t\t<div class=\"elementor-widget-container\">\n\t\t\t\t\t\t\t<div class=\"elementor-spacer\">\n\t\t\t<div class=\"elementor-spacer-inner\"><\/div>\n\t\t<\/div>\n\t\t\t\t\t\t<\/div>\n\t\t\t\t<\/div>\n\t\t\t\t<div class=\"elementor-element elementor-element-309a1cc elementor-widget-tablet__width-inherit titles-align-left titles-align-mobile-justify contents-align-left contents-align-mobile-justify media-align-left elementor-widget elementor-widget-wgl-tabs\" data-id=\"309a1cc\" data-element_type=\"widget\" data-e-type=\"widget\" data-widget_type=\"wgl-tabs.default\">\n\t\t\t\t<div class=\"elementor-widget-container\">\n\t\t\t\t\t<div class=\"wgl-tabs\"><div class=\"tabs__headings-container\"><h4 data-tab-id=\"tab-id-5091\" class=\"tab__heading elementor-repeater-item-d831eea\"><span class=\"heading__title\">Keit\u00e4 me olemme<\/span><\/h4><h4 data-tab-id=\"tab-id-5092\" class=\"tab__heading elementor-repeater-item-6d6617c\"><span class=\"heading__title\">Meid\u00e4n maalimme<\/span><\/h4><h4 data-tab-id=\"tab-id-5093\" class=\"tab__heading elementor-repeater-item-ab7ae1d\"><span class=\"heading__title\">Miksi valita meid\u00e4t?<\/span><\/h4><\/div><div class=\"tabs__contents-container\"><div data-tab-id=\"tab-id-5091\" class=\"tab__content elementor-repeater-item-d831eea\"><p><span><\/span><span data-preserver-spaces=\"true\">Streamy IPTV on maailman suurin IPTV-palveluntarjoaja. Tarjoamme IPTV-palveluita koko maailmalle. Tilaamalla meilt\u00e4 voit peruuttaa Netflixin, Hulun, HBO:n ja Disney Plusin \u2013 meill\u00e4 on sama sis\u00e4lt\u00f6 ja PALJON muuta. Joten miksi et kokeilisi ilmaista kokeilua? <\/span><a target=\"_blank\" href=\"https:\/\/streamyme.com\/fi\/status-updates\/demo\/\" class=\"editor-rtfLink\" rel=\"noopener\"><span data-preserver-spaces=\"true\">Lue lis\u00e4\u00e4 t\u00e4\u00e4lt\u00e4.<\/span><\/a><\/p><\/div><div data-tab-id=\"tab-id-5092\" class=\"tab__content elementor-repeater-item-6d6617c\"><p>P\u00e4\u00e4tavoitteemme on tarjota luotettava, erinomainen ja rikas suoratoistokokemus!<\/p><p>Meill\u00e4 on eritt\u00e4in omistautunut tukitiimi, joka auttaa sinua mahdollisimman hyvin, 24\/7!<\/p><\/div><div data-tab-id=\"tab-id-5093\" class=\"tab__content elementor-repeater-item-ab7ae1d\"><p class=\"gt-block\"><span>Meill\u00e4 on yksi markkinoiden suurimmista IPTV-kanavien valikoimasta. Olipa kyseess\u00e4 paikallinen tai kansainv\u00e4linen televisio, jota etsit.<\/span><\/p><p>Olemme asettaneet itsellemme hintatason, joka edustaa molempia tuotteita ja ei v\u00e4hiten 100%:n omistautumista tukemisen suhteen.<\/p><p>Haluamme, ett\u00e4 sinulle kuluttajina j\u00e4\u00e4 moitteeton kokemus. N\u00e4emme my\u00f6s, ett\u00e4 t\u00e4m\u00e4 tuottaa tulosta, palveluamme ensimm\u00e4isen\u00e4 kokeilleet pysyv\u00e4t uskollisina asiakkaina. Kokeile meit\u00e4 - emme pet\u00e4 sinua!<\/p><p>Meill\u00e4 on eritt\u00e4in omistautunut tukitiimi, joka auttaa sinua mahdollisimman hyvin, 24\/7! Aloita chat kanssamme nyt, niin saat vastaukset kaikkeen mit\u00e4 mietit!<\/p><\/div><\/div><\/div>\t\t\t\t<\/div>\n\t\t\t\t<\/div>\n\t\t\t\t\t<\/div>\n\t\t<\/div>\n\t\t\t\t\t<\/div>\n\t\t<\/section>\n\t\t\t\t<section class=\"elementor-section elementor-top-section elementor-element elementor-element-257aa92 elementor-section-boxed elementor-section-height-default elementor-section-height-default\" data-id=\"257aa92\" data-element_type=\"section\" data-e-type=\"section\">\n\t\t\t\t\t\t<div class=\"elementor-container elementor-column-gap-default\">\n\t\t\t\t\t<div class=\"elementor-column elementor-col-100 elementor-top-column elementor-element elementor-element-90b3a57\" data-id=\"90b3a57\" data-element_type=\"column\" data-e-type=\"column\">\n\t\t\t<div class=\"elementor-widget-wrap elementor-element-populated\">\n\t\t\t\t\t\t<div class=\"elementor-element elementor-element-ef6392b elementor-widget elementor-widget-spacer\" data-id=\"ef6392b\" data-element_type=\"widget\" data-e-type=\"widget\" data-widget_type=\"spacer.default\">\n\t\t\t\t<div class=\"elementor-widget-container\">\n\t\t\t\t\t\t\t<div class=\"elementor-spacer\">\n\t\t\t<div class=\"elementor-spacer-inner\"><\/div>\n\t\t<\/div>\n\t\t\t\t\t\t<\/div>\n\t\t\t\t<\/div>\n\t\t\t\t\t<\/div>\n\t\t<\/div>\n\t\t\t\t\t<\/div>\n\t\t<\/section>\n\t\t\t\t<section class=\"elementor-section elementor-top-section elementor-element elementor-element-6f31ed0 elementor-section-boxed elementor-section-height-default elementor-section-height-default\" data-id=\"6f31ed0\" data-element_type=\"section\" data-e-type=\"section\">\n\t\t\t\t\t\t<div class=\"elementor-container elementor-column-gap-default\">\n\t\t\t\t\t<div class=\"elementor-column elementor-col-100 elementor-top-column elementor-element elementor-element-270d88b\" data-id=\"270d88b\" data-element_type=\"column\" data-e-type=\"column\">\n\t\t\t<div class=\"elementor-widget-wrap elementor-element-populated\">\n\t\t\t\t\t\t<div class=\"elementor-element elementor-element-04326c9 elementor-widget elementor-widget-spacer\" data-id=\"04326c9\" data-element_type=\"widget\" data-e-type=\"widget\" data-widget_type=\"spacer.default\">\n\t\t\t\t<div class=\"elementor-widget-container\">\n\t\t\t\t\t\t\t<div class=\"elementor-spacer\">\n\t\t\t<div class=\"elementor-spacer-inner\"><\/div>\n\t\t<\/div>\n\t\t\t\t\t\t<\/div>\n\t\t\t\t<\/div>\n\t\t\t\t\t<\/div>\n\t\t<\/div>\n\t\t\t\t\t<\/div>\n\t\t<\/section>\n\t\t\t\t<section class=\"elementor-section elementor-top-section elementor-element elementor-element-48f0fa9 elementor-section-boxed elementor-section-height-default elementor-section-height-default\" data-id=\"48f0fa9\" data-element_type=\"section\" data-e-type=\"section\">\n\t\t\t\t\t\t<div class=\"elementor-container elementor-column-gap-default\">\n\t\t\t\t\t<div class=\"elementor-column elementor-col-33 elementor-top-column elementor-element elementor-element-302fb40\" data-id=\"302fb40\" data-element_type=\"column\" data-e-type=\"column\">\n\t\t\t<div class=\"elementor-widget-wrap elementor-element-populated\">\n\t\t\t\t\t\t<div class=\"elementor-element elementor-element-21fdddf elementor-view-default aleft elementor-widget-icon-box wgl-icon-box elementor-widget elementor-widget-wgl-info-box\" data-id=\"21fdddf\" data-element_type=\"widget\" data-e-type=\"widget\" data-widget_type=\"wgl-info-box.default\">\n\t\t\t\t<div class=\"elementor-widget-container\">\n\t\t\t\t\t<div class=\"wgl-infobox\"><div class=\"wgl-infobox_wrapper wgl-layout-left\"><div class=\"media-wrapper icon-wrapper\"><span class=\"wgl-icon\" ><i class=\"icon elementor-icon flaticon flaticon-gps\" aria-hidden=\"true\"><\/i><\/span><\/div><div class=\"content_wrapper\"><div class=\"wgl-infobox-title_wrapper\"><h3 class=\"wgl-infobox_title\"><span class=\"wgl-infobox_title-idle\">Hienoja palvelimia<\/span><\/h3><\/div><div class=\"wgl-infobox_content\"><p><span>Palvelinpuistomme sijaitsee Italiassa - erinomaisella pingill\u00e4 koko Eurooppaan.<\/span><\/p><\/div><\/div><\/div><\/div>\t\t\t\t<\/div>\n\t\t\t\t<\/div>\n\t\t\t\t\t<\/div>\n\t\t<\/div>\n\t\t\t\t<div class=\"elementor-column elementor-col-33 elementor-top-column elementor-element elementor-element-2ac7b8a\" data-id=\"2ac7b8a\" data-element_type=\"column\" data-e-type=\"column\">\n\t\t\t<div class=\"elementor-widget-wrap elementor-element-populated\">\n\t\t\t\t\t\t<div class=\"elementor-element elementor-element-cb96c23 elementor-view-default aleft elementor-widget-icon-box wgl-icon-box elementor-widget elementor-widget-wgl-info-box\" data-id=\"cb96c23\" data-element_type=\"widget\" data-e-type=\"widget\" data-widget_type=\"wgl-info-box.default\">\n\t\t\t\t<div class=\"elementor-widget-container\">\n\t\t\t\t\t<div class=\"wgl-infobox\"><div class=\"wgl-infobox_wrapper wgl-layout-left\"><div class=\"media-wrapper icon-wrapper\"><span class=\"wgl-icon\" ><i class=\"icon elementor-icon flaticon flaticon-wireless-router-1\" aria-hidden=\"true\"><\/i><\/span><\/div><div class=\"content_wrapper\"><div class=\"wgl-infobox-title_wrapper\"><h3 class=\"wgl-infobox_title\"><span class=\"wgl-infobox_title-idle\">Katso miss\u00e4 haluat<\/span><\/h3><\/div><div class=\"wgl-infobox_content\"><p><span>Oletko paljon liikkeell\u00e4? Lataa sovellus, jotta voit katsoa suoria TV-l\u00e4hetyksi\u00e4, sarjoja ja elokuvia suoraan laitteellasi.<\/span><\/p><\/div><\/div><\/div><\/div>\t\t\t\t<\/div>\n\t\t\t\t<\/div>\n\t\t\t\t\t<\/div>\n\t\t<\/div>\n\t\t\t\t<div class=\"elementor-column elementor-col-33 elementor-top-column elementor-element elementor-element-f2dc9dd\" data-id=\"f2dc9dd\" data-element_type=\"column\" data-e-type=\"column\">\n\t\t\t<div class=\"elementor-widget-wrap elementor-element-populated\">\n\t\t\t\t\t\t<div class=\"elementor-element elementor-element-926a8c3 elementor-view-default aleft elementor-widget-icon-box wgl-icon-box elementor-widget elementor-widget-wgl-info-box\" data-id=\"926a8c3\" data-element_type=\"widget\" data-e-type=\"widget\" data-widget_type=\"wgl-info-box.default\">\n\t\t\t\t<div class=\"elementor-widget-container\">\n\t\t\t\t\t<div class=\"wgl-infobox\"><div class=\"wgl-infobox_wrapper wgl-layout-left\"><div class=\"media-wrapper icon-wrapper\"><span class=\"wgl-icon\" ><i class=\"icon elementor-icon flaticon flaticon-support\" aria-hidden=\"true\"><\/i><\/span><\/div><div class=\"content_wrapper\"><div class=\"wgl-infobox-title_wrapper\"><h3 class=\"wgl-infobox_title\"><span class=\"wgl-infobox_title-idle\">Tuki 24\/7<\/span><\/h3><\/div><div class=\"wgl-infobox_content\"><p><span>Meill\u00e4 on eritt\u00e4in omistautunut tukitiimi, joka auttaa sinua kellon ymp\u00e4ri!<\/span><\/p><\/div><\/div><\/div><\/div>\t\t\t\t<\/div>\n\t\t\t\t<\/div>\n\t\t\t\t\t<\/div>\n\t\t<\/div>\n\t\t\t\t\t<\/div>\n\t\t<\/section>\n\t\t\t\t<\/div>","protected":false},"excerpt":{"rendered":"<p>Streamy IPTV Why choose us? Who are we Our goal Why choose us? Streamy IPTV is the world&#8217;s largest provider of IPTV. We provide IPTV services to the whole world. With a subscription from us, you can cancel Netflix, Hulu, HBO, and Disney Plus &#8211; we have the same content and MUCH more. So why [&hellip;]<\/p>\n","protected":false},"author":1,"featured_media":0,"parent":0,"menu_order":0,"comment_status":"closed","ping_status":"closed","template":"","meta":{"footnotes":""},"class_list":["post-1069","page","type-page","status-publish","hentry"],"_links":{"self":[{"href":"https:\/\/streamyme.com\/fi\/wp-json\/wp\/v2\/pages\/1069","targetHints":{"allow":["GET"]}}],"collection":[{"href":"https:\/\/streamyme.com\/fi\/wp-json\/wp\/v2\/pages"}],"about":[{"href":"https:\/\/streamyme.com\/fi\/wp-json\/wp\/v2\/types\/page"}],"author":[{"embeddable":true,"href":"https:\/\/streamyme.com\/fi\/wp-json\/wp\/v2\/users\/1"}],"replies":[{"embeddable":true,"href":"https:\/\/streamyme.com\/fi\/wp-json\/wp\/v2\/comments?post=1069"}],"version-history":[{"count":3,"href":"https:\/\/streamyme.com\/fi\/wp-json\/wp\/v2\/pages\/1069\/revisions"}],"predecessor-version":[{"id":5378,"href":"https:\/\/streamyme.com\/fi\/wp-json\/wp\/v2\/pages\/1069\/revisions\/5378"}],"wp:attachment":[{"href":"https:\/\/streamyme.com\/fi\/wp-json\/wp\/v2\/media?parent=1069"}],"curies":[{"name":"wp","href":"https:\/\/api.w.org\/{rel}","templated":true}]}}