{"id":4240,"date":"2021-09-14T11:00:25","date_gmt":"2021-09-14T09:00:25","guid":{"rendered":"https:\/\/streamyme.com\/?post_type=product&#038;p=4240"},"modified":"2023-01-23T18:58:31","modified_gmt":"2023-01-23T17:58:31","slug":"streamyme-1-month","status":"publish","type":"product","link":"https:\/\/streamyme.com\/fi\/tuote\/streamyme-1-month\/","title":{"rendered":"StreamyME \u2013 1 kuukausi"},"content":{"rendered":"<p><strong>myStreamyME \u2013 Streamy IPTV<\/strong><\/p>\n<p>Nauti sis\u00e4ll\u00f6st\u00e4 ymp\u00e4ri maailmaa. P\u00e4\u00e4sy kanaville 60 maasta ja yli 10 000 kanavasta, joten l\u00f6yd\u00e4t aina jotain katsottavaa.<\/p>\n<p>Elokuvat, sarjat, dokumentit tai urheilu. Kaikki on helposti saatavilla televisiossa, tabletissa, PC:ss\u00e4 tai matkapuhelimessa.<\/p>\n<p>Palvelumme korvaa tunnetut suoratoistopalvelut, kuten Netflix, HBO, Disney + ja monet muut.<br \/>\nUusia elokuvia ja sarjoja lis\u00e4t\u00e4\u00e4n viikoittain.<\/p>","protected":false},"excerpt":{"rendered":"<p>Nauti sis\u00e4ll\u00f6st\u00e4 ymp\u00e4ri maailmaa. P\u00e4\u00e4sy kanaville 60 maasta ja yli 10 000 kanavasta, joten l\u00f6yd\u00e4t aina jotain katsottavaa.<\/p>\n<p>Elokuvat, sarjat, dokumentit tai urheilu. Kaikki on helposti saatavilla televisiossa, tabletissa, PC:ss\u00e4 tai matkapuhelimessa.<\/p>","protected":false},"featured_media":4197,"template":"","meta":[],"product_brand":[],"product_cat":[69],"product_tag":[171,67,68],"class_list":{"0":"post-4240","1":"product","2":"type-product","3":"status-publish","4":"has-post-thumbnail","6":"product_cat-streamyiptv","7":"product_tag-1month","8":"product_tag-iptv","9":"product_tag-mystreamyme","11":"first","12":"instock","13":"shipping-taxable","14":"product-type-external"},"_links":{"self":[{"href":"https:\/\/streamyme.com\/fi\/wp-json\/wp\/v2\/product\/4240","targetHints":{"allow":["GET"]}}],"collection":[{"href":"https:\/\/streamyme.com\/fi\/wp-json\/wp\/v2\/product"}],"about":[{"href":"https:\/\/streamyme.com\/fi\/wp-json\/wp\/v2\/types\/product"}],"wp:featuredmedia":[{"embeddable":true,"href":"https:\/\/streamyme.com\/fi\/wp-json\/wp\/v2\/media\/4197"}],"wp:attachment":[{"href":"https:\/\/streamyme.com\/fi\/wp-json\/wp\/v2\/media?parent=4240"}],"wp:term":[{"taxonomy":"product_brand","embeddable":true,"href":"https:\/\/streamyme.com\/fi\/wp-json\/wp\/v2\/product_brand?post=4240"},{"taxonomy":"product_cat","embeddable":true,"href":"https:\/\/streamyme.com\/fi\/wp-json\/wp\/v2\/product_cat?post=4240"},{"taxonomy":"product_tag","embeddable":true,"href":"https:\/\/streamyme.com\/fi\/wp-json\/wp\/v2\/product_tag?post=4240"}],"curies":[{"name":"wp","href":"https:\/\/api.w.org\/{rel}","templated":true}]}}