{"id":4240,"date":"2021-09-14T11:00:25","date_gmt":"2021-09-14T09:00:25","guid":{"rendered":"https:\/\/streamyme.com\/?post_type=product&#038;p=4240"},"modified":"2023-01-23T18:58:31","modified_gmt":"2023-01-23T17:58:31","slug":"streamyme-1-month","status":"publish","type":"product","link":"https:\/\/streamyme.com\/nb\/produkt\/streamyme-1-month\/","title":{"rendered":"StreamyME \u2013 1 m\u00e5ned"},"content":{"rendered":"<p><strong>myStreamyME \u2013 Streamy IPTV<\/strong><\/p>\n<p>Nyt innhold fra hele verden. Med tilgang til kanaler fra 60 land og mer enn 10 000 kanaler, s\u00e5 vil du alltid finne noe \u00e5 se p\u00e5.<\/p>\n<p>Filmer, serier, dokumentarer eller sport. Alt er enkelt tilgjengelig p\u00e5 TV, nettbrett, PC eller mobil.<\/p>\n<p>Tjenesten v\u00e5r erstatter kjente str\u00f8mmetjenester som Netflix, HBO, Disney+ og mange flere.<br \/>\nNye filmer og serier legges til ukentlig.<\/p>","protected":false},"excerpt":{"rendered":"<p>Nyt innhold fra hele verden. Med tilgang til kanaler fra 60 land og mer enn 10 000 kanaler, s\u00e5 vil du alltid finne noe \u00e5 se p\u00e5.<\/p>\n<p>Filmer, serier, dokumentarer eller sport. Alt er enkelt tilgjengelig p\u00e5 TV, nettbrett, PC eller mobil.<\/p>","protected":false},"featured_media":4197,"template":"","meta":[],"product_brand":[],"product_cat":[69],"product_tag":[171,67,68],"class_list":{"0":"post-4240","1":"product","2":"type-product","3":"status-publish","4":"has-post-thumbnail","6":"product_cat-streamyiptv","7":"product_tag-1month","8":"product_tag-iptv","9":"product_tag-mystreamyme","11":"first","12":"instock","13":"shipping-taxable","14":"product-type-external"},"_links":{"self":[{"href":"https:\/\/streamyme.com\/nb\/wp-json\/wp\/v2\/product\/4240","targetHints":{"allow":["GET"]}}],"collection":[{"href":"https:\/\/streamyme.com\/nb\/wp-json\/wp\/v2\/product"}],"about":[{"href":"https:\/\/streamyme.com\/nb\/wp-json\/wp\/v2\/types\/product"}],"wp:featuredmedia":[{"embeddable":true,"href":"https:\/\/streamyme.com\/nb\/wp-json\/wp\/v2\/media\/4197"}],"wp:attachment":[{"href":"https:\/\/streamyme.com\/nb\/wp-json\/wp\/v2\/media?parent=4240"}],"wp:term":[{"taxonomy":"product_brand","embeddable":true,"href":"https:\/\/streamyme.com\/nb\/wp-json\/wp\/v2\/product_brand?post=4240"},{"taxonomy":"product_cat","embeddable":true,"href":"https:\/\/streamyme.com\/nb\/wp-json\/wp\/v2\/product_cat?post=4240"},{"taxonomy":"product_tag","embeddable":true,"href":"https:\/\/streamyme.com\/nb\/wp-json\/wp\/v2\/product_tag?post=4240"}],"curies":[{"name":"wp","href":"https:\/\/api.w.org\/{rel}","templated":true}]}}