{"id":807,"date":"2021-08-20T13:22:24","date_gmt":"2021-08-20T11:22:24","guid":{"rendered":"https:\/\/streamyme.com\/?post_type=product&#038;p=807"},"modified":"2023-01-23T18:59:58","modified_gmt":"2023-01-23T17:59:58","slug":"mystreamyme-6-mnd","status":"publish","type":"product","link":"https:\/\/streamyme.com\/sv\/produkt\/mystreamyme-6-mnd\/","title":{"rendered":"StreamyME \u2013 6 m\u00e5nader"},"content":{"rendered":"<p><strong>myStreamyME \u2013 Streamig IPTV<\/strong><\/p>\n<p>Njut av inneh\u00e5ll fr\u00e5n hela v\u00e4rlden. Med tillg\u00e5ng till kanaler fr\u00e5n 60 l\u00e4nder och mer \u00e4n 10 000 kanaler, s\u00e5 hittar du alltid n\u00e5got att titta p\u00e5.<\/p>\n<p>Filmer, serier, dokument\u00e4rer eller sport. Allt \u00e4r enkelt tillg\u00e4ngligt p\u00e5 din TV, surfplatta, PC eller mobil.<\/p>\n<p>V\u00e5r tj\u00e4nst ers\u00e4tter v\u00e4lk\u00e4nda streamingtj\u00e4nster som Netflix, HBO, Disney+ och m\u00e5nga fler.<br \/>\nNya filmer och serier l\u00e4ggs till varje vecka.<\/p>","protected":false},"excerpt":{"rendered":"<p>Njut av inneh\u00e5ll fr\u00e5n hela v\u00e4rlden. Med tillg\u00e5ng till kanaler fr\u00e5n 60 l\u00e4nder och mer \u00e4n 10 000 kanaler, s\u00e5 hittar du alltid n\u00e5got att titta p\u00e5.<\/p>\n<p>Filmer, serier, dokument\u00e4rer eller sport. Allt \u00e4r enkelt tillg\u00e4ngligt p\u00e5 din TV, surfplatta, PC eller mobil.<\/p>","protected":false},"featured_media":4197,"template":"","meta":[],"product_brand":[],"product_cat":[69],"product_tag":[72,67,68],"class_list":{"0":"post-807","1":"product","2":"type-product","3":"status-publish","4":"has-post-thumbnail","6":"product_cat-streamyiptv","7":"product_tag-6mnd","8":"product_tag-iptv","9":"product_tag-mystreamyme","11":"first","12":"instock","13":"shipping-taxable","14":"product-type-external"},"_links":{"self":[{"href":"https:\/\/streamyme.com\/sv\/wp-json\/wp\/v2\/product\/807","targetHints":{"allow":["GET"]}}],"collection":[{"href":"https:\/\/streamyme.com\/sv\/wp-json\/wp\/v2\/product"}],"about":[{"href":"https:\/\/streamyme.com\/sv\/wp-json\/wp\/v2\/types\/product"}],"wp:featuredmedia":[{"embeddable":true,"href":"https:\/\/streamyme.com\/sv\/wp-json\/wp\/v2\/media\/4197"}],"wp:attachment":[{"href":"https:\/\/streamyme.com\/sv\/wp-json\/wp\/v2\/media?parent=807"}],"wp:term":[{"taxonomy":"product_brand","embeddable":true,"href":"https:\/\/streamyme.com\/sv\/wp-json\/wp\/v2\/product_brand?post=807"},{"taxonomy":"product_cat","embeddable":true,"href":"https:\/\/streamyme.com\/sv\/wp-json\/wp\/v2\/product_cat?post=807"},{"taxonomy":"product_tag","embeddable":true,"href":"https:\/\/streamyme.com\/sv\/wp-json\/wp\/v2\/product_tag?post=807"}],"curies":[{"name":"wp","href":"https:\/\/api.w.org\/{rel}","templated":true}]}}